{"id":535,"date":"2025-04-02T16:40:15","date_gmt":"2025-04-02T16:40:15","guid":{"rendered":"https:\/\/oliver-frick.ch\/wordpress\/?page_id=535"},"modified":"2025-04-02T16:40:52","modified_gmt":"2025-04-02T16:40:52","slug":"die-webseite-von-oliver-frick","status":"publish","type":"page","link":"https:\/\/oliver-frick.ch\/wordpress\/","title":{"rendered":"Die Webseite von Oliver Frick"},"content":{"rendered":"\n<p>Willkommen auf der Webseite von Oliver Frick, IT Fachperson mit Erfahrung als Applikationsentwickler und Applikationsmanagement.<\/p>\n\n\n\n<p>Ich bet\u00e4tige mich in Fullstackentwicklung mit Java und verf\u00fcge \u00fcber Kenntnisse in PHP, C, Python, Lua, Perl sowie ColdFusion.<\/p>\n\n\n\n<p>Zudem schreibe ich Apps und Spiele f\u00fcr Android OS.<\/p>\n\n\n\n<p>Auf dieser Webseite befinden sich vorwiegend Code-Schnipsel und allerlei Notizen f\u00fcr diese Sprachen.<\/p>\n\n\n\n<p><\/p>\n","protected":false},"excerpt":{"rendered":"<p>Willkommen auf der Webseite von Oliver Frick, IT Fachperson mit Erfahrung als Applikationsentwickler und Applikationsmanagement. Ich bet\u00e4tige mich in Fullstackentwicklung mit Java und verf\u00fcge \u00fcber Kenntnisse in PHP, C, Python, Lua, Perl sowie ColdFusion. Zudem schreibe ich Apps und Spiele &hellip; <a href=\"https:\/\/oliver-frick.ch\/wordpress\/\">Weiterlesen <span class=\"meta-nav\">&rarr;<\/span><\/a><\/p>\n","protected":false},"author":1,"featured_media":0,"parent":0,"menu_order":0,"comment_status":"closed","ping_status":"closed","template":"","meta":{"footnotes":""},"class_list":["post-535","page","type-page","status-publish","hentry"],"_links":{"self":[{"href":"https:\/\/oliver-frick.ch\/wordpress\/index.php\/wp-json\/wp\/v2\/pages\/535","targetHints":{"allow":["GET"]}}],"collection":[{"href":"https:\/\/oliver-frick.ch\/wordpress\/index.php\/wp-json\/wp\/v2\/pages"}],"about":[{"href":"https:\/\/oliver-frick.ch\/wordpress\/index.php\/wp-json\/wp\/v2\/types\/page"}],"author":[{"embeddable":true,"href":"https:\/\/oliver-frick.ch\/wordpress\/index.php\/wp-json\/wp\/v2\/users\/1"}],"replies":[{"embeddable":true,"href":"https:\/\/oliver-frick.ch\/wordpress\/index.php\/wp-json\/wp\/v2\/comments?post=535"}],"version-history":[{"count":2,"href":"https:\/\/oliver-frick.ch\/wordpress\/index.php\/wp-json\/wp\/v2\/pages\/535\/revisions"}],"predecessor-version":[{"id":537,"href":"https:\/\/oliver-frick.ch\/wordpress\/index.php\/wp-json\/wp\/v2\/pages\/535\/revisions\/537"}],"wp:attachment":[{"href":"https:\/\/oliver-frick.ch\/wordpress\/index.php\/wp-json\/wp\/v2\/media?parent=535"}],"curies":[{"name":"wp","href":"https:\/\/api.w.org\/{rel}","templated":true}]}}